{"id":1925,"date":"2024-07-02T09:09:27","date_gmt":"2024-07-02T09:09:27","guid":{"rendered":"https:\/\/uniquemiramar.com\/?page_id=1925"},"modified":"2024-07-02T09:09:27","modified_gmt":"2024-07-02T09:09:27","slug":"politica-de-privacidad","status":"publish","type":"page","link":"https:\/\/uniquemiramar.site\/en\/politica-de-privacidad\/","title":{"rendered":"Pol\u00edtica de privacidad"},"content":{"rendered":"<div data-elementor-type=\"wp-page\" data-elementor-id=\"1925\" class=\"elementor elementor-1925\" data-elementor-post-type=\"page\">\n\t\t\t\t\t\t<section class=\"elementor-section elementor-top-section elementor-element elementor-element-b0f593a elementor-section-boxed elementor-section-height-default elementor-section-height-default\" data-id=\"b0f593a\" data-element_type=\"section\" data-e-type=\"section\">\n\t\t\t\t\t\t<div class=\"elementor-container elementor-column-gap-default\">\n\t\t\t\t\t<div class=\"elementor-column elementor-col-100 elementor-top-column elementor-element elementor-element-6bd5d03\" data-id=\"6bd5d03\" data-element_type=\"column\" data-e-type=\"column\">\n\t\t\t<div class=\"elementor-widget-wrap\">\n\t\t\t\t\t\t\t<\/div>\n\t\t<\/div>\n\t\t\t\t\t<\/div>\n\t\t<\/section>\n\t\t\t\t<section class=\"elementor-section elementor-top-section elementor-element elementor-element-eccae9f elementor-section-boxed elementor-section-height-default elementor-section-height-default\" data-id=\"eccae9f\" data-element_type=\"section\" data-e-type=\"section\">\n\t\t\t\t\t\t<div class=\"elementor-container elementor-column-gap-default\">\n\t\t\t\t\t<div class=\"elementor-column elementor-col-100 elementor-top-column elementor-element elementor-element-a65b1e2\" data-id=\"a65b1e2\" data-element_type=\"column\" data-e-type=\"column\">\n\t\t\t<div class=\"elementor-widget-wrap elementor-element-populated\">\n\t\t\t\t\t\t<div class=\"elementor-element elementor-element-e45ff66 elementor-widget elementor-widget-text-editor\" data-id=\"e45ff66\" data-element_type=\"widget\" data-e-type=\"widget\" data-widget_type=\"text-editor.default\">\n\t\t\t\t<div class=\"elementor-widget-container\">\n\t\t\t\t\t\t\t\t\t<p><strong>Pol\u00edtica de privacidad<\/strong><\/p><p>En cumplimiento del Cap\u00edtulo II de la ley 34\/2002, LSSICE, les informamos que la presente p\u00e1gina web es propiedad de Unique Miramar, de ahora en adelante tambi\u00e9n el Prestador o Responsable y con email: info@uniquemiramar.com<\/p><p>Unique Miramar, le informa que los datos que voluntariamente nos est\u00e1 facilitando ser\u00e1n incorporados a nuestros sistemas de informaci\u00f3n con el fin de realizar las gestiones comerciales y administrativas necesarias con los usuarios de la web. Las operaciones previstas para realizar los tratamientos son los siguientes: responder a las consultas y\/o proporcionar informaciones requeridas por el Usuario; realizar las prestaciones de servicios y\/o productos contratados o subscritos por el Usuario; realizar todas aquellas actividades propias de Unique Miramar, a y remitir el bolet\u00edn de noticias de la p\u00e1gina web.<\/p><p>El Usuario garantiza la veracidad de los datos aportados y se compromete a comunicar cualquier cambio que se produzca en los mismos.<\/p><p>El Prestador, mediante asterisco (*) en las casillas correspondientes del formulario de contacto, le informa de esta obligatoriedad al Usuario, indicando qu\u00e9 datos son necesarios. Mediante la indicaci\u00f3n e introducci\u00f3n de los datos, el Usuario otorga el consentimiento inequ\u00edvoco a Unique Miramar,\u00a0para que proceda al tratamiento de los datos facilitados en pro de las finalidades mencionadas.<\/p><p>El no facilitar los datos personales solicitados, o el no aceptar la presente pol\u00edtica de protecci\u00f3n de datos supone la imposibilidad de subscribirse, registrarse o recibir informaci\u00f3n de los productos y servicios del Prestador.<\/p><p>Las bases en las que\u00a0 Unique Miramar,\u00a0se legitima para el tratamiento de los datos personales son el consentimiento del Usuario y nuestro inter\u00e9s leg\u00edtimo:<\/p><ul><li>En caso de solicitar autorizaci\u00f3n para procesar datos personales del Usuario, la base legal para ello ser\u00e1 el Art. 6 ap. 1 letra a RGPD.<\/li><li>Al procesar datos personales para dar cumplimiento a un contrato, se tomar\u00e1 como base legal el Art. 6 ap. 1 letra b RGPD. Ello ser\u00e1 tambi\u00e9n de aplicaci\u00f3n para el procesamiento de datos personales necesario para llevar a cabo medidas precontractuales.<\/li><li>En caso de ser necesario el procesamiento de datos personales para cumplir con una obligaci\u00f3n legal a la cual est\u00e9 sometida nuestra empresa, la base legal ser\u00e1 el Art. 6 ap. 1 letra c RGPD.<\/li><li>Si el procesamiento es necesario para salvaguardar un inter\u00e9s justificado de nuestra empresa o de un tercero y si los intereses y los derechos y libertades fundamentales del interesado no priman sobre el inter\u00e9s anteriormente mencionado, la base legal para dicho procesamiento ser\u00e1 el Art. 6 ap. 1 letra f RGPD.<\/li><\/ul><p>En conformidad con lo que disponen las normativas vigentes en protecci\u00f3n de datos personales, el Prestador est\u00e1 cumpliendo con todas las disposiciones de las normativas RGPD y LOPD para el tratamiento de los datos personales de su responsabilidad, y manifiestamente con los principios descritos al art. 5 del RGPD, por los cuales son tratados de manera l\u00edcita, leal y transparente en relaci\u00f3n con el interesado y adecuadas, pertinentes y limitados al que es necesario en relaci\u00f3n con los fines para los cuales son tratados.<\/p><p>De acuerdo con estas normativas, le informamos que tiene derecho a solicitar el acceso, rectificaci\u00f3n, portabilidad y supresi\u00f3n de sus datos y la limitaci\u00f3n y oposici\u00f3n a su tratamiento dirigi\u00e9ndose a: info@fredyscoolcars.com\u00a0indicando como Asunto: \u201cRGPD, Derechos\u201d y adjuntando fotocopia de su DNI o cualquier medio an\u00e1logo en derecho, tal y como indica la ley. Tiene derecho a retirar el consentimiento prestado en cualquier momento. La retirada del consentimiento no afectar\u00e1 a la licitud del tratamiento efectuado antes de la retirada del consentimiento. Tambi\u00e9n tiene derecho a presentar una reclamaci\u00f3n ante la autoridad de control si considera que pueden haberse visto vulnerados sus derechos en relaci\u00f3n a la protecci\u00f3n de sus datos (<a href=\"http:\/\/agpd.es\/\">agpd.es<\/a>).<\/p><p><strong>CONFIDENCIALIDAD Y CESI\u00d3N DE DATOS A TERCEROS<\/strong><\/p><p>Los datos que nos facilite se tratar\u00e1n de forma confidencial. El Prestador ha adoptado todas las medidas t\u00e9cnicas y organizativas y todos los niveles de protecci\u00f3n necesarios para garantizar la seguridad en el tratamiento de los datos y evitar su alteraci\u00f3n, p\u00e9rdida, robo, tratamiento o acceso no autorizado, de acuerdo el estado de la tecnolog\u00eda y naturaleza de los datos almacenados.<\/p><p>As\u00ed mismo, se garantiza tambi\u00e9n que el tratamiento y registro en ficheros, programas, sistemas o equipos, locales y centros cumplen con los requisitos y condiciones de integridad y seguridad establecidas en la normativa vigente.<\/p><p><span style=\"background-color: var(--ast-global-color-4); color: var(--ast-global-color-3); font-size: 1rem;\">Unique Miramar<\/span>\u00a0no ceder\u00e1 los datos personales a terceros, excepto por obligaci\u00f3n legal. Sin embargo, en el caso de ser cedidos a alg\u00fan tercero se producir\u00eda una informaci\u00f3n previa solicitando el consentimiento expreso para tal cesi\u00f3n. La entidad responsable de la base de datos, as\u00ed como los que intervengan en cualquier fase del tratamiento y\/o las entidades a quienes se los haya comunicado -en todo caso siempre con la correspondiente autorizaci\u00f3n otorgada por el usuario-, est\u00e1n obligadas a observar el secreto profesional y a la adopci\u00f3n de los niveles de protecci\u00f3n y las medidas t\u00e9cnicas y organizativas necesarias a su alcance para garantizar la seguridad de los datos de car\u00e1cter personal, evitando, dentro de lo posible, accesos no autorizados, modificaciones il\u00edcitas, substracciones y\/o la p\u00e9rdida de los datos, con objeto de procurar el correspondiente nivel de seguridad de los ficheros del Prestador, seg\u00fan la naturaleza y sensibilidad de los datos facilitados por los usuarios del presente Sitio web.<\/p><p><strong>ACEPTACI\u00d3N Y CONSENTIMIENTO<\/strong><\/p><p>El Usuario declara haber sido informado de las condiciones sobre protecci\u00f3n de datos de car\u00e1cter personal, aceptando y consintiendo el tratamiento automatizado de los mismos por parte de Unique Miramar\u00a0en la forma y para las finalidades indicadas en la presente Pol\u00edtica de Protecci\u00f3n de Datos Personales.<\/p><p>A trav\u00e9s de esta Pol\u00edtica de Privacidad le informamos que las fotograf\u00edas que est\u00e9n colgadas en la web son propiedad de Unique Miramar\u00a0o de terceras empresas colaboradoras.<\/p><p><strong>EXACTITUD Y VERACIDAD DE LOS DATOS<\/strong><\/p><p>El usuario es el \u00fanico responsable de la veracidad y correcci\u00f3n de los datos que remita a, Unique Miramar\u00a0\u00a0exonerando al Prestador de cualquier responsabilidad al respeto. Los usuarios garantizan y responden, en cualquier caso, de la exactitud, vigencia y autenticidad de los datos personales facilitados, y se comprometen a mantenerlos debidamente actualizados. El usuario acepta proporcionar informaci\u00f3n completa y correcta en el formulario de registro o suscripci\u00f3n.<\/p><p><strong>CONTENIDO DE LA WEB I ENLACES (LINKS)<\/strong><\/p><p><span style=\"background-color: var(--ast-global-color-4); color: var(--ast-global-color-3); font-size: 1rem;\">Unique Miramar<\/span>, se reserva el derecho a actualizar, modificar o eliminar la informaci\u00f3n contenida en la web, pudiendo, incluso, limitar o no permitir el acceso a la informaci\u00f3n.<\/p><p><span style=\"background-color: var(--ast-global-color-4); color: var(--ast-global-color-3); font-size: 1rem;\">Unique Miramar<\/span>,\u00a0no asume ning\u00fan tipo de responsabilidad por la informaci\u00f3n contenida en las Webs de terceros a las que se pueda acceder por los \u00ablinks\u00bb o enlaces desde cualquier p\u00e1gina Web propiedad del Prestador.<\/p><p>La presencia de \u00ablinks\u00bb o enlaces s\u00f3lo tienen finalidad informativa y en ning\u00fan caso supone ninguna sugerencia, invitaci\u00f3n o reconocimiento sobre los mismos.<\/p><p><strong>CAMBIOS EN LA PRESENTE POL\u00cdTICA DE PRIVACIDAD<\/strong><\/p><p><span style=\"background-color: var(--ast-global-color-4); color: var(--ast-global-color-3); font-size: 1rem;\">Unique Miramar<\/span>,\u00a0se reserva el derecho a modificar la presente pol\u00edtica para adaptarla a novedades legislativas o jurisprudenciales.<\/p><p><strong>CORREOS COMERCIALES<\/strong><\/p><p>De acuerdo con la LSSICE, Unique Miramar,\u00a0no realiza pr\u00e1cticas de SPAM, por lo tanto, no env\u00eda correos comerciales por e-mail que no hayan sido previamente solicitados o autorizados por el Usuario. En consecuencia, en cada uno de los formularios de la P\u00e1gina Web, el Usuario tiene la posibilidad de dar su consentimiento expreso para recibir nuestro Bolet\u00edn, con independencia de la informaci\u00f3n comercial puntualmente solicitada.<\/p><p>L<strong>EGISLACI\u00d3N<\/strong><\/p><p>A todos los efectos las relaciones entre Unique Miramar,\u00a0con los Usuarios de sus servicios telem\u00e1ticos, presentes en esta Web, est\u00e1n sometidos a la legislaci\u00f3n y jurisdicci\u00f3n espa\u00f1ola a la que se someten expresamente las partes, siendo competentes por la resoluci\u00f3n de todos los conflictos derivados o relacionados con su uso los Juzgados y Tribunales de la ciudad de Barcelona.unique<\/p>\t\t\t\t\t\t\t\t<\/div>\n\t\t\t\t<\/div>\n\t\t\t\t\t<\/div>\n\t\t<\/div>\n\t\t\t\t\t<\/div>\n\t\t<\/section>\n\t\t\t\t<\/div>","protected":false},"excerpt":{"rendered":"<p>Pol\u00edtica de privacidad En cumplimiento del Cap\u00edtulo II de la ley 34\/2002, LSSICE, les informamos que la presente p\u00e1gina web es propiedad de Unique Miramar, de ahora en adelante tambi\u00e9n el Prestador o Responsable y con email: info@uniquemiramar.com Unique Miramar, le informa que los datos que voluntariamente nos est\u00e1 facilitando ser\u00e1n incorporados a nuestros sistemas [&hellip;]<\/p>\n","protected":false},"author":249,"featured_media":0,"parent":0,"menu_order":0,"comment_status":"closed","ping_status":"closed","template":"","meta":{"_uag_custom_page_level_css":"","site-sidebar-layout":"no-sidebar","site-content-layout":"page-builder","ast-site-content-layout":"default","site-content-style":"default","site-sidebar-style":"default","ast-global-header-display":"","ast-banner-title-visibility":"","ast-main-header-display":"","ast-hfb-above-header-display":"","ast-hfb-below-header-display":"","ast-hfb-mobile-header-display":"","site-post-title":"disabled","ast-breadcrumbs-content":"","ast-featured-img":"disabled","footer-sml-layout":"","theme-transparent-header-meta":"","adv-header-id-meta":"","stick-header-meta":"","header-above-stick-meta":"","header-main-stick-meta":"","header-below-stick-meta":"","astra-migrate-meta-layouts":"default","ast-page-background-enabled":"default","ast-page-background-meta":{"desktop":{"background-color":"","background-image":"","background-repeat":"repeat","background-position":"center center","background-size":"auto","background-attachment":"scroll","background-type":"","background-media":"","overlay-type":"","overlay-color":"","overlay-opacity":"","overlay-gradient":""},"tablet":{"background-color":"","background-image":"","background-repeat":"repeat","background-position":"center center","background-size":"auto","background-attachment":"scroll","background-type":"","background-media":"","overlay-type":"","overlay-color":"","overlay-opacity":"","overlay-gradient":""},"mobile":{"background-color":"","background-image":"","background-repeat":"repeat","background-position":"center center","background-size":"auto","background-attachment":"scroll","background-type":"","background-media":"","overlay-type":"","overlay-color":"","overlay-opacity":"","overlay-gradient":""}},"ast-content-background-meta":{"desktop":{"background-color":"var(--ast-global-color-5)","background-image":"","background-repeat":"repeat","background-position":"center center","background-size":"auto","background-attachment":"scroll","background-type":"","background-media":"","overlay-type":"","overlay-color":"","overlay-opacity":"","overlay-gradient":""},"tablet":{"background-color":"var(--ast-global-color-5)","background-image":"","background-repeat":"repeat","background-position":"center center","background-size":"auto","background-attachment":"scroll","background-type":"","background-media":"","overlay-type":"","overlay-color":"","overlay-opacity":"","overlay-gradient":""},"mobile":{"background-color":"var(--ast-global-color-5)","background-image":"","background-repeat":"repeat","background-position":"center center","background-size":"auto","background-attachment":"scroll","background-type":"","background-media":"","overlay-type":"","overlay-color":"","overlay-opacity":"","overlay-gradient":""}},"footnotes":""},"class_list":["post-1925","page","type-page","status-publish","hentry"],"yoast_head":"<!-- This site is optimized with the Yoast SEO plugin v27.4 - https:\/\/yoast.com\/product\/yoast-seo-wordpress\/ -->\n<title>Pol\u00edtica de privacidad - FINCA DE LUJO DISPONIBLE<\/title>\n<meta name=\"description\" content=\"Toda la info sobre Pol\u00edtica de privacidad\" \/>\n<meta name=\"robots\" content=\"index, follow, max-snippet:-1, max-image-preview:large, max-video-preview:-1\" \/>\n<link rel=\"canonical\" href=\"https:\/\/uniquemiramar.site\/en\/politica-de-privacidad\/\" \/>\n<meta property=\"og:locale\" content=\"en_GB\" \/>\n<meta property=\"og:type\" content=\"article\" \/>\n<meta property=\"og:title\" content=\"Pol\u00edtica de privacidad - FINCA DE LUJO DISPONIBLE\" \/>\n<meta property=\"og:description\" content=\"Toda la info sobre Pol\u00edtica de privacidad\" \/>\n<meta property=\"og:url\" content=\"https:\/\/uniquemiramar.site\/en\/politica-de-privacidad\/\" \/>\n<meta property=\"og:site_name\" content=\"Miramar\" \/>\n<meta property=\"og:image\" content=\"https:\/\/uniquemiramar.site\/wp-content\/uploads\/2023\/04\/DJI_0096_editada.jpg\" \/>\n\t<meta property=\"og:image:width\" content=\"1024\" \/>\n\t<meta property=\"og:image:height\" content=\"683\" \/>\n\t<meta property=\"og:image:type\" content=\"image\/jpeg\" \/>\n<meta name=\"twitter:card\" content=\"summary_large_image\" \/>\n<meta name=\"twitter:label1\" content=\"Estimated reading time\" \/>\n\t<meta name=\"twitter:data1\" content=\"6 minutes\" \/>\n<script type=\"application\/ld+json\" class=\"yoast-schema-graph\">{\"@context\":\"https:\\\/\\\/schema.org\",\"@graph\":[{\"@type\":\"WebPage\",\"@id\":\"https:\\\/\\\/uniquemiramar.site\\\/politica-de-privacidad\\\/\",\"url\":\"https:\\\/\\\/uniquemiramar.site\\\/politica-de-privacidad\\\/\",\"name\":\"Pol\u00edtica de privacidad - FINCA DE LUJO DISPONIBLE\",\"isPartOf\":{\"@id\":\"https:\\\/\\\/uniquemiramar.site\\\/#website\"},\"datePublished\":\"2024-07-02T09:09:27+00:00\",\"description\":\"Toda la info sobre Pol\u00edtica de privacidad\",\"breadcrumb\":{\"@id\":\"https:\\\/\\\/uniquemiramar.site\\\/politica-de-privacidad\\\/#breadcrumb\"},\"inLanguage\":\"en-GB\",\"potentialAction\":[{\"@type\":\"ReadAction\",\"target\":[\"https:\\\/\\\/uniquemiramar.site\\\/politica-de-privacidad\\\/\"]}]},{\"@type\":\"BreadcrumbList\",\"@id\":\"https:\\\/\\\/uniquemiramar.site\\\/politica-de-privacidad\\\/#breadcrumb\",\"itemListElement\":[{\"@type\":\"ListItem\",\"position\":1,\"name\":\"Portada\",\"item\":\"https:\\\/\\\/uniquemiramar.site\\\/\"},{\"@type\":\"ListItem\",\"position\":2,\"name\":\"Pol\u00edtica de privacidad\"}]},{\"@type\":\"WebSite\",\"@id\":\"https:\\\/\\\/uniquemiramar.site\\\/#website\",\"url\":\"https:\\\/\\\/uniquemiramar.site\\\/\",\"name\":\"Unique Miramar\",\"description\":\"Propiedad de lujo a la venta en Pollensa, Mallorca\",\"publisher\":{\"@id\":\"https:\\\/\\\/uniquemiramar.site\\\/#organization\"},\"alternateName\":\"uniquemiramar\",\"potentialAction\":[{\"@type\":\"SearchAction\",\"target\":{\"@type\":\"EntryPoint\",\"urlTemplate\":\"https:\\\/\\\/uniquemiramar.site\\\/?s={search_term_string}\"},\"query-input\":{\"@type\":\"PropertyValueSpecification\",\"valueRequired\":true,\"valueName\":\"search_term_string\"}}],\"inLanguage\":\"en-GB\"},{\"@type\":\"Organization\",\"@id\":\"https:\\\/\\\/uniquemiramar.site\\\/#organization\",\"name\":\"Unique Miramar\",\"alternateName\":\"uniquemiramar\",\"url\":\"https:\\\/\\\/uniquemiramar.site\\\/\",\"logo\":{\"@type\":\"ImageObject\",\"inLanguage\":\"en-GB\",\"@id\":\"https:\\\/\\\/uniquemiramar.site\\\/#\\\/schema\\\/logo\\\/image\\\/\",\"url\":\"https:\\\/\\\/uniquemiramar.site\\\/wp-content\\\/uploads\\\/2020\\\/02\\\/Imatge1.png\",\"contentUrl\":\"https:\\\/\\\/uniquemiramar.site\\\/wp-content\\\/uploads\\\/2020\\\/02\\\/Imatge1.png\",\"width\":1440,\"height\":967,\"caption\":\"Unique Miramar\"},\"image\":{\"@id\":\"https:\\\/\\\/uniquemiramar.site\\\/#\\\/schema\\\/logo\\\/image\\\/\"}}]}<\/script>\n<!-- \/ Yoast SEO plugin. -->","yoast_head_json":{"title":"Pol\u00edtica de privacidad - FINCA DE LUJO DISPONIBLE","description":"Toda la info sobre Pol\u00edtica de privacidad","robots":{"index":"index","follow":"follow","max-snippet":"max-snippet:-1","max-image-preview":"max-image-preview:large","max-video-preview":"max-video-preview:-1"},"canonical":"https:\/\/uniquemiramar.site\/en\/politica-de-privacidad\/","og_locale":"en_GB","og_type":"article","og_title":"Pol\u00edtica de privacidad - FINCA DE LUJO DISPONIBLE","og_description":"Toda la info sobre Pol\u00edtica de privacidad","og_url":"https:\/\/uniquemiramar.site\/en\/politica-de-privacidad\/","og_site_name":"Miramar","og_image":[{"url":"https:\/\/uniquemiramar.site\/wp-content\/uploads\/2023\/04\/DJI_0096_editada.jpg","width":1024,"height":683,"type":"image\/jpeg"}],"twitter_card":"summary_large_image","twitter_misc":{"Estimated reading time":"6 minutes"},"schema":{"@context":"https:\/\/schema.org","@graph":[{"@type":"WebPage","@id":"https:\/\/uniquemiramar.site\/politica-de-privacidad\/","url":"https:\/\/uniquemiramar.site\/politica-de-privacidad\/","name":"Pol\u00edtica de privacidad - FINCA DE LUJO DISPONIBLE","isPartOf":{"@id":"https:\/\/uniquemiramar.site\/#website"},"datePublished":"2024-07-02T09:09:27+00:00","description":"Toda la info sobre Pol\u00edtica de privacidad","breadcrumb":{"@id":"https:\/\/uniquemiramar.site\/politica-de-privacidad\/#breadcrumb"},"inLanguage":"en-GB","potentialAction":[{"@type":"ReadAction","target":["https:\/\/uniquemiramar.site\/politica-de-privacidad\/"]}]},{"@type":"BreadcrumbList","@id":"https:\/\/uniquemiramar.site\/politica-de-privacidad\/#breadcrumb","itemListElement":[{"@type":"ListItem","position":1,"name":"Portada","item":"https:\/\/uniquemiramar.site\/"},{"@type":"ListItem","position":2,"name":"Pol\u00edtica de privacidad"}]},{"@type":"WebSite","@id":"https:\/\/uniquemiramar.site\/#website","url":"https:\/\/uniquemiramar.site\/","name":"Unique Miramar","description":"Propiedad de lujo a la venta en Pollensa, Mallorca","publisher":{"@id":"https:\/\/uniquemiramar.site\/#organization"},"alternateName":"uniquemiramar","potentialAction":[{"@type":"SearchAction","target":{"@type":"EntryPoint","urlTemplate":"https:\/\/uniquemiramar.site\/?s={search_term_string}"},"query-input":{"@type":"PropertyValueSpecification","valueRequired":true,"valueName":"search_term_string"}}],"inLanguage":"en-GB"},{"@type":"Organization","@id":"https:\/\/uniquemiramar.site\/#organization","name":"Unique Miramar","alternateName":"uniquemiramar","url":"https:\/\/uniquemiramar.site\/","logo":{"@type":"ImageObject","inLanguage":"en-GB","@id":"https:\/\/uniquemiramar.site\/#\/schema\/logo\/image\/","url":"https:\/\/uniquemiramar.site\/wp-content\/uploads\/2020\/02\/Imatge1.png","contentUrl":"https:\/\/uniquemiramar.site\/wp-content\/uploads\/2020\/02\/Imatge1.png","width":1440,"height":967,"caption":"Unique Miramar"},"image":{"@id":"https:\/\/uniquemiramar.site\/#\/schema\/logo\/image\/"}}]}},"uagb_featured_image_src":{"full":false,"thumbnail":false,"medium":false,"medium_large":false,"large":false,"1536x1536":false,"2048x2048":false,"trp-custom-language-flag":false},"uagb_author_info":{"display_name":"Federico Singla Parejo","author_link":"https:\/\/uniquemiramar.site\/en\/author\/fredysingla\/"},"uagb_comment_info":0,"uagb_excerpt":"Pol\u00edtica de privacidad En cumplimiento del Cap\u00edtulo II de la ley 34\/2002, LSSICE, les informamos que la presente p\u00e1gina web es propiedad de Unique Miramar, de ahora en adelante tambi\u00e9n el Prestador o Responsable y con email: info@uniquemiramar.com Unique Miramar, le informa que los datos que voluntariamente nos est\u00e1 facilitando ser\u00e1n incorporados a nuestros sistemas&hellip;","_links":{"self":[{"href":"https:\/\/uniquemiramar.site\/en\/wp-json\/wp\/v2\/pages\/1925","targetHints":{"allow":["GET"]}}],"collection":[{"href":"https:\/\/uniquemiramar.site\/en\/wp-json\/wp\/v2\/pages"}],"about":[{"href":"https:\/\/uniquemiramar.site\/en\/wp-json\/wp\/v2\/types\/page"}],"author":[{"embeddable":true,"href":"https:\/\/uniquemiramar.site\/en\/wp-json\/wp\/v2\/users\/249"}],"replies":[{"embeddable":true,"href":"https:\/\/uniquemiramar.site\/en\/wp-json\/wp\/v2\/comments?post=1925"}],"version-history":[{"count":8,"href":"https:\/\/uniquemiramar.site\/en\/wp-json\/wp\/v2\/pages\/1925\/revisions"}],"predecessor-version":[{"id":1953,"href":"https:\/\/uniquemiramar.site\/en\/wp-json\/wp\/v2\/pages\/1925\/revisions\/1953"}],"wp:attachment":[{"href":"https:\/\/uniquemiramar.site\/en\/wp-json\/wp\/v2\/media?parent=1925"}],"curies":[{"name":"wp","href":"https:\/\/api.w.org\/{rel}","templated":true}]}}