{"id":6,"date":"2024-07-02T09:09:28","date_gmt":"2024-07-02T09:09:28","guid":{"rendered":"http:\/\/localhost\/wordpress\/wordpress\/services\/"},"modified":"2025-10-06T11:09:44","modified_gmt":"2025-10-06T11:09:44","slug":"la-finca-o-posesio","status":"publish","type":"page","link":"https:\/\/uniquemiramar.site\/en\/la-finca-o-posesio\/","title":{"rendered":"The Property"},"content":{"rendered":"","protected":true},"excerpt":{"rendered":"","protected":true},"author":249,"featured_media":0,"parent":0,"menu_order":0,"comment_status":"closed","ping_status":"closed","template":"elementor_header_footer","meta":{"_uag_custom_page_level_css":"","site-sidebar-layout":"no-sidebar","site-content-layout":"page-builder","ast-site-content-layout":"full-width-container","site-content-style":"unboxed","site-sidebar-style":"unboxed","ast-global-header-display":"","ast-banner-title-visibility":"","ast-main-header-display":"","ast-hfb-above-header-display":"","ast-hfb-below-header-display":"","ast-hfb-mobile-header-display":"","site-post-title":"disabled","ast-breadcrumbs-content":"","ast-featured-img":"disabled","footer-sml-layout":"","theme-transparent-header-meta":"enabled","adv-header-id-meta":"","stick-header-meta":"","header-above-stick-meta":"","header-main-stick-meta":"","header-below-stick-meta":"","astra-migrate-meta-layouts":"set","ast-page-background-enabled":"default","ast-page-background-meta":{"desktop":{"background-color":"","background-image":"","background-repeat":"repeat","background-position":"center center","background-size":"auto","background-attachment":"scroll","background-type":"","background-media":"","overlay-type":"","overlay-color":"","overlay-opacity":"","overlay-gradient":""},"tablet":{"background-color":"","background-image":"","background-repeat":"repeat","background-position":"center center","background-size":"auto","background-attachment":"scroll","background-type":"","background-media":"","overlay-type":"","overlay-color":"","overlay-opacity":"","overlay-gradient":""},"mobile":{"background-color":"","background-image":"","background-repeat":"repeat","background-position":"center center","background-size":"auto","background-attachment":"scroll","background-type":"","background-media":"","overlay-type":"","overlay-color":"","overlay-opacity":"","overlay-gradient":""}},"ast-content-background-meta":{"desktop":{"background-color":"var(--ast-global-color-5)","background-image":"","background-repeat":"repeat","background-position":"center center","background-size":"auto","background-attachment":"scroll","background-type":"","background-media":"","overlay-type":"","overlay-color":"","overlay-opacity":"","overlay-gradient":""},"tablet":{"background-color":"var(--ast-global-color-5)","background-image":"","background-repeat":"repeat","background-position":"center center","background-size":"auto","background-attachment":"scroll","background-type":"","background-media":"","overlay-type":"","overlay-color":"","overlay-opacity":"","overlay-gradient":""},"mobile":{"background-color":"var(--ast-global-color-5)","background-image":"","background-repeat":"repeat","background-position":"center center","background-size":"auto","background-attachment":"scroll","background-type":"","background-media":"","overlay-type":"","overlay-color":"","overlay-opacity":"","overlay-gradient":""}},"footnotes":""},"class_list":["post-6","page","type-page","status-publish","post-password-required","hentry"],"yoast_head":"<!-- This site is optimized with the Yoast SEO plugin v27.4 - https:\/\/yoast.com\/product\/yoast-seo-wordpress\/ -->\n<title>La Finca o Posesi\u00f3 - Descripci\u00f3n de la Propiedad Unique Miramar<\/title>\n<meta name=\"description\" content=\"Toda la informaci\u00f3n sobre La Finca o Posesi\u00f3\" \/>\n<meta name=\"robots\" content=\"index, follow, max-snippet:-1, max-image-preview:large, max-video-preview:-1\" \/>\n<link rel=\"canonical\" href=\"https:\/\/uniquemiramar.site\/en\/la-finca-o-posesio\/\" \/>\n<meta property=\"og:locale\" content=\"en_GB\" \/>\n<meta property=\"og:type\" content=\"article\" \/>\n<meta property=\"og:title\" content=\"La Finca o Posesi\u00f3 - Descripci\u00f3n de la Propiedad Unique Miramar\" \/>\n<meta property=\"og:description\" content=\"Toda la informaci\u00f3n sobre La Finca o Posesi\u00f3\" \/>\n<meta property=\"og:url\" content=\"https:\/\/uniquemiramar.site\/en\/la-finca-o-posesio\/\" \/>\n<meta property=\"og:site_name\" content=\"Miramar\" \/>\n<meta property=\"article:modified_time\" content=\"2025-10-06T11:09:44+00:00\" \/>\n<meta name=\"twitter:card\" content=\"summary_large_image\" \/>\n<meta name=\"twitter:label1\" content=\"Estimated reading time\" \/>\n\t<meta name=\"twitter:data1\" content=\"3 minutes\" \/>\n<script type=\"application\/ld+json\" class=\"yoast-schema-graph\">{\"@context\":\"https:\\\/\\\/schema.org\",\"@graph\":[{\"@type\":\"WebPage\",\"@id\":\"https:\\\/\\\/uniquemiramar.site\\\/la-finca-o-posesio\\\/\",\"url\":\"https:\\\/\\\/uniquemiramar.site\\\/la-finca-o-posesio\\\/\",\"name\":\"La Finca o Posesi\u00f3 - Descripci\u00f3n de la Propiedad Unique Miramar\",\"isPartOf\":{\"@id\":\"https:\\\/\\\/uniquemiramar.site\\\/#website\"},\"datePublished\":\"2024-07-02T09:09:28+00:00\",\"dateModified\":\"2025-10-06T11:09:44+00:00\",\"breadcrumb\":{\"@id\":\"https:\\\/\\\/uniquemiramar.site\\\/la-finca-o-posesio\\\/#breadcrumb\"},\"inLanguage\":\"en-GB\"},{\"@type\":\"WebSite\",\"@id\":\"https:\\\/\\\/uniquemiramar.site\\\/#website\",\"url\":\"https:\\\/\\\/uniquemiramar.site\\\/\",\"name\":\"Unique Miramar\",\"description\":\"Propiedad de lujo a la venta en Pollensa, Mallorca\",\"publisher\":{\"@id\":\"https:\\\/\\\/uniquemiramar.site\\\/#organization\"},\"alternateName\":\"uniquemiramar\",\"potentialAction\":[{\"@type\":\"SearchAction\",\"target\":{\"@type\":\"EntryPoint\",\"urlTemplate\":\"https:\\\/\\\/uniquemiramar.site\\\/?s={search_term_string}\"},\"query-input\":{\"@type\":\"PropertyValueSpecification\",\"valueRequired\":true,\"valueName\":\"search_term_string\"}}],\"inLanguage\":\"en-GB\"},{\"@type\":\"Organization\",\"@id\":\"https:\\\/\\\/uniquemiramar.site\\\/#organization\",\"name\":\"Unique Miramar\",\"alternateName\":\"uniquemiramar\",\"url\":\"https:\\\/\\\/uniquemiramar.site\\\/\",\"logo\":{\"@type\":\"ImageObject\",\"inLanguage\":\"en-GB\",\"@id\":\"https:\\\/\\\/uniquemiramar.site\\\/#\\\/schema\\\/logo\\\/image\\\/\",\"url\":\"https:\\\/\\\/uniquemiramar.site\\\/wp-content\\\/uploads\\\/2020\\\/02\\\/Imatge1.png\",\"contentUrl\":\"https:\\\/\\\/uniquemiramar.site\\\/wp-content\\\/uploads\\\/2020\\\/02\\\/Imatge1.png\",\"width\":1440,\"height\":967,\"caption\":\"Unique Miramar\"},\"image\":{\"@id\":\"https:\\\/\\\/uniquemiramar.site\\\/#\\\/schema\\\/logo\\\/image\\\/\"}}]}<\/script>\n<!-- \/ Yoast SEO plugin. -->","yoast_head_json":{"title":"La Finca o Posesi\u00f3 - Descripci\u00f3n de la Propiedad Unique Miramar","description":"Toda la informaci\u00f3n sobre La Finca o Posesi\u00f3","robots":{"index":"index","follow":"follow","max-snippet":"max-snippet:-1","max-image-preview":"max-image-preview:large","max-video-preview":"max-video-preview:-1"},"canonical":"https:\/\/uniquemiramar.site\/en\/la-finca-o-posesio\/","og_locale":"en_GB","og_type":"article","og_title":"La Finca o Posesi\u00f3 - Descripci\u00f3n de la Propiedad Unique Miramar","og_description":"Toda la informaci\u00f3n sobre La Finca o Posesi\u00f3","og_url":"https:\/\/uniquemiramar.site\/en\/la-finca-o-posesio\/","og_site_name":"Miramar","article_modified_time":"2025-10-06T11:09:44+00:00","twitter_card":"summary_large_image","twitter_misc":{"Estimated reading time":"3 minutes"},"schema":{"@context":"https:\/\/schema.org","@graph":[{"@type":"WebPage","@id":"https:\/\/uniquemiramar.site\/la-finca-o-posesio\/","url":"https:\/\/uniquemiramar.site\/la-finca-o-posesio\/","name":"La Finca o Posesi\u00f3 - Descripci\u00f3n de la Propiedad Unique Miramar","isPartOf":{"@id":"https:\/\/uniquemiramar.site\/#website"},"datePublished":"2024-07-02T09:09:28+00:00","dateModified":"2025-10-06T11:09:44+00:00","breadcrumb":{"@id":"https:\/\/uniquemiramar.site\/la-finca-o-posesio\/#breadcrumb"},"inLanguage":"en-GB"},{"@type":"WebSite","@id":"https:\/\/uniquemiramar.site\/#website","url":"https:\/\/uniquemiramar.site\/","name":"Unique Miramar","description":"Propiedad de lujo a la venta en Pollensa, Mallorca","publisher":{"@id":"https:\/\/uniquemiramar.site\/#organization"},"alternateName":"uniquemiramar","potentialAction":[{"@type":"SearchAction","target":{"@type":"EntryPoint","urlTemplate":"https:\/\/uniquemiramar.site\/?s={search_term_string}"},"query-input":{"@type":"PropertyValueSpecification","valueRequired":true,"valueName":"search_term_string"}}],"inLanguage":"en-GB"},{"@type":"Organization","@id":"https:\/\/uniquemiramar.site\/#organization","name":"Unique Miramar","alternateName":"uniquemiramar","url":"https:\/\/uniquemiramar.site\/","logo":{"@type":"ImageObject","inLanguage":"en-GB","@id":"https:\/\/uniquemiramar.site\/#\/schema\/logo\/image\/","url":"https:\/\/uniquemiramar.site\/wp-content\/uploads\/2020\/02\/Imatge1.png","contentUrl":"https:\/\/uniquemiramar.site\/wp-content\/uploads\/2020\/02\/Imatge1.png","width":1440,"height":967,"caption":"Unique Miramar"},"image":{"@id":"https:\/\/uniquemiramar.site\/#\/schema\/logo\/image\/"}}]}},"uagb_featured_image_src":{"full":false,"thumbnail":false,"medium":false,"medium_large":false,"large":false,"1536x1536":false,"2048x2048":false,"trp-custom-language-flag":false},"uagb_author_info":{"display_name":"Federico Singla Parejo","author_link":"https:\/\/uniquemiramar.site\/en\/author\/fredysingla\/"},"uagb_comment_info":0,"uagb_excerpt":"There is no excerpt because this is a protected post.","_links":{"self":[{"href":"https:\/\/uniquemiramar.site\/en\/wp-json\/wp\/v2\/pages\/6","targetHints":{"allow":["GET"]}}],"collection":[{"href":"https:\/\/uniquemiramar.site\/en\/wp-json\/wp\/v2\/pages"}],"about":[{"href":"https:\/\/uniquemiramar.site\/en\/wp-json\/wp\/v2\/types\/page"}],"author":[{"embeddable":true,"href":"https:\/\/uniquemiramar.site\/en\/wp-json\/wp\/v2\/users\/249"}],"replies":[{"embeddable":true,"href":"https:\/\/uniquemiramar.site\/en\/wp-json\/wp\/v2\/comments?post=6"}],"version-history":[{"count":85,"href":"https:\/\/uniquemiramar.site\/en\/wp-json\/wp\/v2\/pages\/6\/revisions"}],"predecessor-version":[{"id":2309,"href":"https:\/\/uniquemiramar.site\/en\/wp-json\/wp\/v2\/pages\/6\/revisions\/2309"}],"wp:attachment":[{"href":"https:\/\/uniquemiramar.site\/en\/wp-json\/wp\/v2\/media?parent=6"}],"curies":[{"name":"wp","href":"https:\/\/api.w.org\/{rel}","templated":true}]}}